{"id":22939,"date":"2024-07-11T12:09:32","date_gmt":"2024-07-11T10:09:32","guid":{"rendered":"https:\/\/www.biokrista.al\/product\/lule-ake\/"},"modified":"2024-07-27T15:18:40","modified_gmt":"2024-07-27T13:18:40","slug":"lule-ake","status":"publish","type":"product","link":"https:\/\/www.biokrista.al\/en\/dyqani\/lule-ake\/","title":{"rendered":"Helichrysum Arenarium"},"content":{"rendered":"","protected":false},"excerpt":{"rendered":"<p><strong>Description:<\/strong><\/p>\n<ul class=\"ul-style check\">\n<li>Contains chlorogenic acid and flavonoids, caffeic acid, apigenin, glycosides, kaempferol, etc<\/li>\n<li>It has antioxidant and antifungal properties<\/li>\n<li>It helps in diseases of the lower respiratory tract<\/li>\n<li>Ndihmon n\u00eb s\u00ebmundje t\u00eb traktit t\u00eb posht\u00ebm respirator<\/li>\n<li>It is distinguished for its treatment against bacteria such as S-aureus and S-pneumoniae<\/li>\n<li>It has anti-inflammatory properties shown in rheumatological diseases<\/li>\n<\/ul>\n<p>&nbsp;<\/p>\n<hr \/>\n<p>&nbsp;<\/p>\n<p>Usage: In 0.5 liter of boiled water, add 1 tablespoon of the plant, consume 2&#215;1 glass of tea a day.<\/p>\n<p>&nbsp;<\/p>\n","protected":false},"featured_media":23931,"template":"","meta":[],"product_brand":[],"product_cat":[98],"product_tag":[34,68],"class_list":{"0":"post-22939","1":"product","2":"type-product","3":"status-publish","4":"has-post-thumbnail","6":"product_cat-cajra-en","7":"product_tag-100-bio","8":"product_tag-sigurt","10":"first","11":"outofstock","12":"shipping-taxable","13":"product-type-simple"},"jetpack_sharing_enabled":true,"_links":{"self":[{"href":"https:\/\/www.biokrista.al\/en\/wp-json\/wp\/v2\/product\/22939","targetHints":{"allow":["GET"]}}],"collection":[{"href":"https:\/\/www.biokrista.al\/en\/wp-json\/wp\/v2\/product"}],"about":[{"href":"https:\/\/www.biokrista.al\/en\/wp-json\/wp\/v2\/types\/product"}],"version-history":[{"count":1,"href":"https:\/\/www.biokrista.al\/en\/wp-json\/wp\/v2\/product\/22939\/revisions"}],"predecessor-version":[{"id":23445,"href":"https:\/\/www.biokrista.al\/en\/wp-json\/wp\/v2\/product\/22939\/revisions\/23445"}],"wp:featuredmedia":[{"embeddable":true,"href":"https:\/\/www.biokrista.al\/en\/wp-json\/wp\/v2\/media\/23931"}],"wp:attachment":[{"href":"https:\/\/www.biokrista.al\/en\/wp-json\/wp\/v2\/media?parent=22939"}],"wp:term":[{"taxonomy":"product_brand","embeddable":true,"href":"https:\/\/www.biokrista.al\/en\/wp-json\/wp\/v2\/product_brand?post=22939"},{"taxonomy":"product_cat","embeddable":true,"href":"https:\/\/www.biokrista.al\/en\/wp-json\/wp\/v2\/product_cat?post=22939"},{"taxonomy":"product_tag","embeddable":true,"href":"https:\/\/www.biokrista.al\/en\/wp-json\/wp\/v2\/product_tag?post=22939"}],"curies":[{"name":"wp","href":"https:\/\/api.w.org\/{rel}","templated":true}]}}